{"id":133,"date":"2025-08-20T11:00:40","date_gmt":"2025-08-20T09:00:40","guid":{"rendered":"https:\/\/cuberg.net\/fr\/?page_id=133"},"modified":"2025-08-20T11:04:13","modified_gmt":"2025-08-20T09:04:13","slug":"a-propos","status":"publish","type":"page","link":"https:\/\/cuberg.net\/fr\/a-propos\/","title":{"rendered":"A propos"},"content":{"rendered":"\t\t<div data-elementor-type=\"wp-page\" data-elementor-id=\"133\" class=\"elementor elementor-133\" data-elementor-post-type=\"page\">\n\t\t\t\t<div class=\"elementor-element elementor-element-3b048e3d e-flex e-con-boxed e-con e-parent\" data-id=\"3b048e3d\" data-element_type=\"container\" data-e-type=\"container\">\n\t\t\t\t\t<div class=\"e-con-inner\">\n\t\t<div class=\"elementor-element elementor-element-1523367f e-con-full e-flex e-con e-child\" data-id=\"1523367f\" data-element_type=\"container\" data-e-type=\"container\">\n\t\t\t\t<div class=\"elementor-element elementor-element-19a3960d elementor-invisible elementor-widget elementor-widget-heading\" data-id=\"19a3960d\" data-element_type=\"widget\" data-e-type=\"widget\" data-settings=\"{&quot;_animation&quot;:&quot;fadeIn&quot;}\" data-widget_type=\"heading.default\">\n\t\t\t\t\t<h1 class=\"elementor-heading-title elementor-size-default\">Cuberg Magazine \u2013 L\u2019\u00e9nergie des id\u00e9es<\/h1>\t\t\t\t<\/div>\n\t\t\t\t<\/div>\n\t\t<div class=\"elementor-element elementor-element-7aa372d8 e-con-full e-flex e-con e-child\" data-id=\"7aa372d8\" data-element_type=\"container\" data-e-type=\"container\">\n\t\t\t\t<div class=\"elementor-element elementor-element-42556c26 elementor-invisible elementor-widget elementor-widget-text-editor\" data-id=\"42556c26\" data-element_type=\"widget\" data-e-type=\"widget\" data-settings=\"{&quot;_animation&quot;:&quot;fadeIn&quot;}\" data-widget_type=\"text-editor.default\">\n\t\t\t\t\t\t\t\t\t<p>Cuberg est n\u00e9 d\u2019un nom qui, autrefois, incarnait l\u2019avenir des batteries. Derri\u00e8re ce mot, il y avait l\u2019id\u00e9e d\u2019\u00e9nergie, d\u2019innovation et de puissance. Aujourd\u2019hui, ce m\u00eame nom se r\u00e9invente pour porter un autre type de courant : celui des id\u00e9es, des histoires et des actualit\u00e9s qui font r\u00e9agir.<\/p>\t\t\t\t\t\t\t\t<\/div>\n\t\t\t\t<\/div>\n\t\t\t\t\t<\/div>\n\t\t\t\t<\/div>\n\t\t<div class=\"elementor-element elementor-element-69f5ac6b e-flex e-con-boxed e-con e-parent\" data-id=\"69f5ac6b\" data-element_type=\"container\" data-e-type=\"container\">\n\t\t\t\t\t<div class=\"e-con-inner\">\n\t\t<div class=\"elementor-element elementor-element-1fd8ad01 e-con-full e-flex e-con e-child\" data-id=\"1fd8ad01\" data-element_type=\"container\" data-e-type=\"container\">\n\t\t\t\t<div class=\"elementor-element elementor-element-3e06914b elementor-invisible elementor-widget elementor-widget-image\" data-id=\"3e06914b\" data-element_type=\"widget\" data-e-type=\"widget\" data-settings=\"{&quot;_animation&quot;:&quot;fadeIn&quot;}\" data-widget_type=\"image.default\">\n\t\t\t\t\t\t\t\t\t\t\t\t\t\t\t<img fetchpriority=\"high\" decoding=\"async\" width=\"1500\" height=\"1089\" src=\"https:\/\/cuberg.net\/fr\/wp-content\/uploads\/2025\/08\/17936564.jpg\" class=\"attachment-full size-full wp-image-140\" alt=\"Cuberg magazine\" srcset=\"https:\/\/cuberg.net\/fr\/wp-content\/uploads\/2025\/08\/17936564.jpg 1500w, https:\/\/cuberg.net\/fr\/wp-content\/uploads\/2025\/08\/17936564-300x218.jpg 300w, https:\/\/cuberg.net\/fr\/wp-content\/uploads\/2025\/08\/17936564-1024x743.jpg 1024w, https:\/\/cuberg.net\/fr\/wp-content\/uploads\/2025\/08\/17936564-768x558.jpg 768w\" sizes=\"(max-width: 1500px) 100vw, 1500px\" \/>\t\t\t\t\t\t\t\t\t\t\t\t\t\t\t<\/div>\n\t\t\t\t<\/div>\n\t\t\t\t\t<\/div>\n\t\t\t\t<\/div>\n\t\t<div class=\"elementor-element elementor-element-5f49cf1f e-flex e-con-boxed e-con e-parent\" data-id=\"5f49cf1f\" data-element_type=\"container\" data-e-type=\"container\">\n\t\t\t\t\t<div class=\"e-con-inner\">\n\t\t<div class=\"elementor-element elementor-element-68430240 e-con-full e-flex e-con e-child\" data-id=\"68430240\" data-element_type=\"container\" data-e-type=\"container\">\n\t\t\t\t<div class=\"elementor-element elementor-element-5227cfbf elementor-invisible elementor-widget elementor-widget-heading\" data-id=\"5227cfbf\" data-element_type=\"widget\" data-e-type=\"widget\" data-settings=\"{&quot;_animation&quot;:&quot;fadeIn&quot;}\" data-widget_type=\"heading.default\">\n\t\t\t\t\t<h3 class=\"elementor-heading-title elementor-size-default\">Toujours branch\u00e9 sur l\u2019air du temps<\/h3>\t\t\t\t<\/div>\n\t\t\t\t<\/div>\n\t\t<div class=\"elementor-element elementor-element-435dfab9 e-con-full e-flex e-con e-child\" data-id=\"435dfab9\" data-element_type=\"container\" data-e-type=\"container\">\n\t\t\t\t<div class=\"elementor-element elementor-element-697b86e5 elementor-invisible elementor-widget elementor-widget-text-editor\" data-id=\"697b86e5\" data-element_type=\"widget\" data-e-type=\"widget\" data-settings=\"{&quot;_animation&quot;:&quot;fadeIn&quot;}\" data-widget_type=\"text-editor.default\">\n\t\t\t\t\t\t\t\t\t<p data-start=\"484\" data-end=\"789\">Cuberg est d\u00e9sormais un magazine g\u00e9n\u00e9raliste, con\u00e7u pour capter l\u2019air du temps et partager ce qui nourrit la curiosit\u00e9 des Fran\u00e7ais. Soci\u00e9t\u00e9, argent, sant\u00e9, culture, technologie, nature ou encore d\u00e9couvertes insolites : chaque jour, nous explorons des sujets qui interpellent, \u00e9tonnent ou inspirent.<\/p><p data-start=\"484\" data-end=\"789\">Notre mission est simple : transformer l\u2019information en \u00e9nergie. Donner \u00e0 chaque lecteur une \u00e9tincelle d\u2019int\u00e9r\u00eat, une r\u00e9flexion nouvelle ou simplement un sourire. Car au fond, qu\u2019il s\u2019agisse d\u2019\u00e9lectricit\u00e9 ou de mots, Cuberg reste fid\u00e8le \u00e0 sa vocation premi\u00e8re : recharger.<\/p>\t\t\t\t\t\t\t\t<\/div>\n\t\t\t\t<\/div>\n\t\t\t\t\t<\/div>\n\t\t\t\t<\/div>\n\t\t<div class=\"elementor-element elementor-element-3f9a4e9b e-flex e-con-boxed e-con e-parent\" data-id=\"3f9a4e9b\" data-element_type=\"container\" data-e-type=\"container\">\n\t\t\t\t\t<div class=\"e-con-inner\">\n\t\t<div class=\"elementor-element elementor-element-450c7ce6 e-con-full e-flex e-con e-child\" data-id=\"450c7ce6\" data-element_type=\"container\" data-e-type=\"container\">\n\t\t\t\t<div class=\"elementor-element elementor-element-1efaf4a5 elementor-widget__width-initial elementor-invisible elementor-widget elementor-widget-qi_addons_for_elementor_counter\" data-id=\"1efaf4a5\" data-element_type=\"widget\" data-e-type=\"widget\" data-settings=\"{&quot;_animation&quot;:&quot;fadeIn&quot;}\" data-widget_type=\"qi_addons_for_elementor_counter.default\">\n\t\t\t\t<div class=\"elementor-widget-container\">\n\t\t\t\t\t<div class=\"qodef-shortcode qodef-m qodef-qi-counter qodef-layout--simple qodef-digit-stroke-effect\" data-end-digit=\"13\">\n\t<div class=\"qodef-m-digit-wrapper\">\n\t\t<div class=\"qodef-m-digit\"><\/div>\n\t<div class=\"qodef-m-icon\">\n\t\t\t\t\t<i aria-hidden=\"true\" class=\"icon icon-pencil\"><\/i>\t\t\t<\/div>\n\t<\/div>\n\t\t<div class=\"qodef-m-content\">\n\t\t\t<h5 class=\"qodef-m-title\">\n\t\tR\u00e9davteurs\t<\/h5>\n\t\t\t<\/div>\n<\/div>\n\t\t\t\t<\/div>\n\t\t\t\t<\/div>\n\t\t\t\t<div class=\"elementor-element elementor-element-7bf99211 elementor-widget__width-initial elementor-invisible elementor-widget elementor-widget-qi_addons_for_elementor_counter\" data-id=\"7bf99211\" data-element_type=\"widget\" data-e-type=\"widget\" data-settings=\"{&quot;_animation&quot;:&quot;fadeIn&quot;}\" data-widget_type=\"qi_addons_for_elementor_counter.default\">\n\t\t\t\t<div class=\"elementor-widget-container\">\n\t\t\t\t\t<div class=\"qodef-shortcode qodef-m qodef-qi-counter qodef-layout--simple qodef-digit-stroke-effect\" data-end-digit=\"25\">\n\t<div class=\"qodef-m-digit-wrapper\">\n\t\t<div class=\"qodef-m-digit\"><\/div>\n\t<div class=\"qodef-m-icon\">\n\t\t\t\t\t<i aria-hidden=\"true\" class=\"icon icon-bubble\"><\/i>\t\t\t<\/div>\n\t<\/div>\n\t\t<div class=\"qodef-m-content\">\n\t\t\t<h5 class=\"qodef-m-title\">\n\t\tContributeurs\t<\/h5>\n\t\t\t<\/div>\n<\/div>\n\t\t\t\t<\/div>\n\t\t\t\t<\/div>\n\t\t\t\t<\/div>\n\t\t<div class=\"elementor-element elementor-element-77987e70 e-con-full e-flex e-con e-child\" data-id=\"77987e70\" data-element_type=\"container\" data-e-type=\"container\">\n\t\t\t\t<div class=\"elementor-element elementor-element-3496ad77 elementor-invisible elementor-widget elementor-widget-heading\" data-id=\"3496ad77\" data-element_type=\"widget\" data-e-type=\"widget\" data-settings=\"{&quot;_animation&quot;:&quot;fadeIn&quot;}\" data-widget_type=\"heading.default\">\n\t\t\t\t\t<h3 class=\"elementor-heading-title elementor-size-default\">Les articles<\/h3>\t\t\t\t<\/div>\n\t\t\t\t<div class=\"elementor-element elementor-element-4ae1dd elementor-invisible elementor-widget elementor-widget-text-editor\" data-id=\"4ae1dd\" data-element_type=\"widget\" data-e-type=\"widget\" data-settings=\"{&quot;_animation&quot;:&quot;fadeIn&quot;}\" data-widget_type=\"text-editor.default\">\n\t\t\t\t\t\t\t\t\t<p>Chaque jour, le magazine propose une s\u00e9lection d\u2019articles pens\u00e9s pour \u00e9veiller la curiosit\u00e9 et capter l\u2019air du temps.<\/p>\t\t\t\t\t\t\t\t<\/div>\n\t\t\t\t<div class=\"elementor-element elementor-element-6ee0b4a5 elementor-invisible elementor-widget elementor-widget-button\" data-id=\"6ee0b4a5\" data-element_type=\"widget\" data-e-type=\"widget\" data-settings=\"{&quot;_animation&quot;:&quot;fadeIn&quot;}\" data-widget_type=\"button.default\">\n\t\t\t\t\t\t\t\t\t\t<a class=\"elementor-button elementor-button-link elementor-size-sm\" href=\"https:\/\/cuberg.net\/fr\/\">\n\t\t\t\t\t\t<span class=\"elementor-button-content-wrapper\">\n\t\t\t\t\t\t\t\t\t<span class=\"elementor-button-text\">Les articles &gt;<\/span>\n\t\t\t\t\t<\/span>\n\t\t\t\t\t<\/a>\n\t\t\t\t\t\t\t\t<\/div>\n\t\t\t\t<\/div>\n\t\t\t\t\t<\/div>\n\t\t\t\t<\/div>\n\t\t\t\t<\/div>\n\t\t","protected":false},"excerpt":{"rendered":"<p>Cuberg Magazine \u2013 L\u2019\u00e9nergie des id\u00e9es Cuberg est n\u00e9 d\u2019un nom qui, autrefois, incarnait l\u2019avenir des batteries. Derri\u00e8re ce mot, il y avait l\u2019id\u00e9e d\u2019\u00e9nergie, d\u2019innovation et de puissance. Aujourd\u2019hui, ce m\u00eame nom se r\u00e9invente pour porter un autre type de courant : celui des id\u00e9es, des histoires et des actualit\u00e9s qui font r\u00e9agir. Toujours [&hellip;]<\/p>\n","protected":false},"author":1,"featured_media":0,"parent":0,"menu_order":0,"comment_status":"closed","ping_status":"closed","template":"","meta":{"_seopress_robots_primary_cat":"","_seopress_titles_title":"","_seopress_titles_desc":"","_seopress_robots_index":"","footnotes":""},"class_list":["post-133","page","type-page","status-publish"],"_links":{"self":[{"href":"https:\/\/cuberg.net\/fr\/wp-json\/wp\/v2\/pages\/133","targetHints":{"allow":["GET"]}}],"collection":[{"href":"https:\/\/cuberg.net\/fr\/wp-json\/wp\/v2\/pages"}],"about":[{"href":"https:\/\/cuberg.net\/fr\/wp-json\/wp\/v2\/types\/page"}],"author":[{"embeddable":true,"href":"https:\/\/cuberg.net\/fr\/wp-json\/wp\/v2\/users\/1"}],"replies":[{"embeddable":true,"href":"https:\/\/cuberg.net\/fr\/wp-json\/wp\/v2\/comments?post=133"}],"version-history":[{"count":4,"href":"https:\/\/cuberg.net\/fr\/wp-json\/wp\/v2\/pages\/133\/revisions"}],"predecessor-version":[{"id":143,"href":"https:\/\/cuberg.net\/fr\/wp-json\/wp\/v2\/pages\/133\/revisions\/143"}],"wp:attachment":[{"href":"https:\/\/cuberg.net\/fr\/wp-json\/wp\/v2\/media?parent=133"}],"curies":[{"name":"wp","href":"https:\/\/api.w.org\/{rel}","templated":true}]}}